{"id":16808,"date":"2026-03-03T21:31:09","date_gmt":"2026-03-03T20:31:09","guid":{"rendered":"https:\/\/www.institutvajrayogini.fr\/?page_id=16808"},"modified":"2026-03-03T21:44:10","modified_gmt":"2026-03-03T20:44:10","slug":"resident-volunteer-stay-non-public","status":"publish","type":"page","link":"https:\/\/www.institutvajrayogini.fr\/en\/practice\/agenda\/resident-volunteer-stay-non-public\/","title":{"rendered":"IVY resident reservations [NOT PUBLIC]"},"content":{"rendered":"\t\t<div data-elementor-type=\"wp-page\" data-elementor-id=\"16808\" class=\"elementor elementor-16808\" data-elementor-post-type=\"page\">\n\t\t\t\t\t\t<section class=\"has_eae_slider elementor-section elementor-top-section elementor-element elementor-element-cb0335b elementor-section-boxed elementor-section-height-default elementor-section-height-default\" data-eae-slider=\"2000\" data-id=\"cb0335b\" data-element_type=\"section\">\n\t\t\t\t\t\t<div class=\"elementor-container elementor-column-gap-default\">\n\t\t\t\t\t<div class=\"has_eae_slider elementor-column elementor-col-100 elementor-top-column elementor-element elementor-element-35de8c9\" data-eae-slider=\"65601\" data-id=\"35de8c9\" data-element_type=\"column\">\n\t\t\t<div class=\"elementor-widget-wrap elementor-element-populated\">\n\t\t\t\t\t\t<div class=\"elementor-element elementor-element-42d2737 soulignage_partiel_bleu elementor-widget elementor-widget-heading\" data-id=\"42d2737\" data-element_type=\"widget\" data-widget_type=\"heading.default\">\n\t\t\t\t<div class=\"elementor-widget-container\">\n\t\t\t\t\t<h2 class=\"elementor-heading-title elementor-size-default\">IVY resident reservations [NOT PUBLIC]<\/h2>\t\t\t\t<\/div>\n\t\t\t\t<\/div>\n\t\t\t\t\t<\/div>\n\t\t<\/div>\n\t\t\t\t\t<\/div>\n\t\t<\/section>\n\t\t\t\t<section class=\"has_eae_slider elementor-section elementor-top-section elementor-element elementor-element-0fb3b8b elementor-section-boxed elementor-section-height-default elementor-section-height-default\" data-eae-slider=\"78063\" data-id=\"0fb3b8b\" data-element_type=\"section\">\n\t\t\t\t\t\t<div class=\"elementor-container elementor-column-gap-default\">\n\t\t\t\t\t<div class=\"has_eae_slider elementor-column elementor-col-100 elementor-top-column elementor-element elementor-element-1aafb63\" data-eae-slider=\"92817\" data-id=\"1aafb63\" data-element_type=\"column\">\n\t\t\t<div class=\"elementor-widget-wrap elementor-element-populated\">\n\t\t\t\t\t\t<div class=\"elementor-element elementor-element-13d87a0 elementor-widget elementor-widget-image\" data-id=\"13d87a0\" data-element_type=\"widget\" data-widget_type=\"image.default\">\n\t\t\t\t<div class=\"elementor-widget-container\">\n\t\t\t\t\t\t\t\t\t\t\t\t\t\t\t<img fetchpriority=\"high\" decoding=\"async\" width=\"1920\" height=\"794\" src=\"https:\/\/www.institutvajrayogini.fr\/wp-content\/uploads\/2021\/11\/Stoupa-et-arc-en-ciel-scaled-e1636038484190.jpg\" class=\"attachment-full size-full wp-image-5159\" alt=\"Stoupa and rainbow\" srcset=\"https:\/\/www.institutvajrayogini.fr\/wp-content\/uploads\/2021\/11\/Stoupa-et-arc-en-ciel-scaled-e1636038484190.jpg 1920w, https:\/\/www.institutvajrayogini.fr\/wp-content\/uploads\/2021\/11\/Stoupa-et-arc-en-ciel-scaled-e1636038484190-300x124.jpg 300w, https:\/\/www.institutvajrayogini.fr\/wp-content\/uploads\/2021\/11\/Stoupa-et-arc-en-ciel-scaled-e1636038484190-1024x424.jpg 1024w, https:\/\/www.institutvajrayogini.fr\/wp-content\/uploads\/2021\/11\/Stoupa-et-arc-en-ciel-scaled-e1636038484190-768x318.jpg 768w, https:\/\/www.institutvajrayogini.fr\/wp-content\/uploads\/2021\/11\/Stoupa-et-arc-en-ciel-scaled-e1636038484190-1536x635.jpg 1536w, https:\/\/www.institutvajrayogini.fr\/wp-content\/uploads\/2021\/11\/Stoupa-et-arc-en-ciel-scaled-e1636038484190-2048x847.jpg 2048w\" sizes=\"(max-width: 1920px) 100vw, 1920px\" \/>\t\t\t\t\t\t\t\t\t\t\t\t\t\t\t<\/div>\n\t\t\t\t<\/div>\n\t\t\t\t\t<\/div>\n\t\t<\/div>\n\t\t\t\t\t<\/div>\n\t\t<\/section>\n\t\t\t\t<section class=\"has_eae_slider elementor-section elementor-top-section elementor-element elementor-element-57c4dbf elementor-reverse-tablet elementor-reverse-mobile elementor-section-boxed elementor-section-height-default elementor-section-height-default\" data-eae-slider=\"64515\" data-id=\"57c4dbf\" data-element_type=\"section\">\n\t\t\t\t\t\t<div class=\"elementor-container elementor-column-gap-custom\">\n\t\t\t\t\t<div class=\"has_eae_slider elementor-column elementor-col-100 elementor-top-column elementor-element elementor-element-3123f9e\" data-eae-slider=\"88087\" data-id=\"3123f9e\" data-element_type=\"column\">\n\t\t\t<div class=\"elementor-widget-wrap elementor-element-populated\">\n\t\t\t\t\t\t<div class=\"elementor-element elementor-element-451712d elementor-widget elementor-widget-text-editor\" data-id=\"451712d\" data-element_type=\"widget\" data-widget_type=\"text-editor.default\">\n\t\t\t\t<div class=\"elementor-widget-container\">\n\t\t\t\t\t\t\t\t\t<div><span style=\"color: #ff0000;\"><strong>Important: Before making any reservations on this page, you must contact the volunteer coordinator.<br \/>Thank you.<br \/><br \/><\/strong><\/span><\/div>\n<ul>\n<li>Email :\u00a0<strong><a href=\"mailto:benevolat@institutvajrayogini.fr\" target=\"_blank\" rel=\"noopener\">benevolat@institutvajrayogini.fr<\/a><\/strong><\/li>\n<li>T\u00e9l : +33 6 71 41 06 57<\/li>\n<\/ul>\t\t\t\t\t\t\t\t<\/div>\n\t\t\t\t<\/div>\n\t\t\t\t<div class=\"elementor-element elementor-element-d8c5373 elementor-widget elementor-widget-spacer\" data-id=\"d8c5373\" data-element_type=\"widget\" data-widget_type=\"spacer.default\">\n\t\t\t\t<div class=\"elementor-widget-container\">\n\t\t\t\t\t\t\t<div class=\"elementor-spacer\">\n\t\t\t<div class=\"elementor-spacer-inner\"><\/div>\n\t\t<\/div>\n\t\t\t\t\t\t<\/div>\n\t\t\t\t<\/div>\n\t\t\t\t<div class=\"elementor-element elementor-element-c982e4d elementor-align-center elementor-tablet-align-center elementor-mobile-align-center elementor-widget elementor-widget-button\" data-id=\"c982e4d\" data-element_type=\"widget\" data-widget_type=\"button.default\">\n\t\t\t\t<div class=\"elementor-widget-container\">\n\t\t\t\t\t\t\t\t\t<div class=\"elementor-button-wrapper\">\n\t\t\t\t\t<a class=\"elementor-button elementor-button-link elementor-size-xs\" href=\"#elementor-action%3Aaction%3Dpopup%3Aopen%26settings%3DeyJpZCI6MTUyMjYsInRvZ2dsZSI6ZmFsc2V9\" data-ivy-src=\"https:\/\/booking.seminardesk.de\/fr\/institutvajrayogini\/5331a3aa79a84a8aa16707538a480937\/reservation-residents-ivy-non-public\">\n\t\t\t\t\t\t<span class=\"elementor-button-content-wrapper\">\n\t\t\t\t\t\t\t\t\t<span class=\"elementor-button-text\">Registration<\/span>\n\t\t\t\t\t<\/span>\n\t\t\t\t\t<\/a>\n\t\t\t\t<\/div>\n\t\t\t\t\t\t\t\t<\/div>\n\t\t\t\t<\/div>\n\t\t\t\t\t<\/div>\n\t\t<\/div>\n\t\t\t\t\t<\/div>\n\t\t<\/section>\n\t\t\t\t<section class=\"has_eae_slider elementor-section elementor-top-section elementor-element elementor-element-c7a5c7c elementor-reverse-tablet elementor-reverse-mobile elementor-section-boxed elementor-section-height-default elementor-section-height-default\" data-eae-slider=\"98515\" data-id=\"c7a5c7c\" data-element_type=\"section\">\n\t\t\t\t\t\t<div class=\"elementor-container elementor-column-gap-custom\">\n\t\t\t\t\t<div class=\"has_eae_slider elementor-column elementor-col-100 elementor-top-column elementor-element elementor-element-00e0824\" data-eae-slider=\"83309\" data-id=\"00e0824\" data-element_type=\"column\">\n\t\t\t<div class=\"elementor-widget-wrap elementor-element-populated\">\n\t\t\t\t\t\t<div class=\"elementor-element elementor-element-26a33f2 elementor-widget elementor-widget-spacer\" data-id=\"26a33f2\" data-element_type=\"widget\" data-widget_type=\"spacer.default\">\n\t\t\t\t<div class=\"elementor-widget-container\">\n\t\t\t\t\t\t\t<div class=\"elementor-spacer\">\n\t\t\t<div class=\"elementor-spacer-inner\"><\/div>\n\t\t<\/div>\n\t\t\t\t\t\t<\/div>\n\t\t\t\t<\/div>\n\t\t\t\t\t<\/div>\n\t\t<\/div>\n\t\t\t\t\t<\/div>\n\t\t<\/section>\n\t\t\t\t<section class=\"has_eae_slider elementor-section elementor-top-section elementor-element elementor-element-6539292 elementor-section-boxed elementor-section-height-default elementor-section-height-default\" data-eae-slider=\"55184\" data-id=\"6539292\" data-element_type=\"section\">\n\t\t\t\t\t\t<div class=\"elementor-container elementor-column-gap-default\">\n\t\t\t\t\t<div class=\"has_eae_slider elementor-column elementor-col-100 elementor-top-column elementor-element elementor-element-25e7aa9\" data-eae-slider=\"26014\" data-id=\"25e7aa9\" data-element_type=\"column\">\n\t\t\t<div class=\"elementor-widget-wrap elementor-element-populated\">\n\t\t\t\t\t\t<div class=\"elementor-element elementor-element-b078208 elementor-widget elementor-widget-spacer\" data-id=\"b078208\" data-element_type=\"widget\" data-widget_type=\"spacer.default\">\n\t\t\t\t<div class=\"elementor-widget-container\">\n\t\t\t\t\t\t\t<div class=\"elementor-spacer\">\n\t\t\t<div class=\"elementor-spacer-inner\"><\/div>\n\t\t<\/div>\n\t\t\t\t\t\t<\/div>\n\t\t\t\t<\/div>\n\t\t\t\t\t<\/div>\n\t\t<\/div>\n\t\t\t\t\t<\/div>\n\t\t<\/section>\n\t\t\t\t<\/div>\n\t\t","protected":false},"excerpt":{"rendered":"<p>IVY resident reservations [NOT PUBLIC] Important: Before making any reservations on this page, you must contact the volunteer coordinator.Thank you. Email :\u00a0benevolat@institutvajrayogini.fr T\u00e9l : +33 6 71 41 06 57 Registration<\/p>\n","protected":false},"author":1,"featured_media":5159,"parent":7038,"menu_order":0,"comment_status":"closed","ping_status":"closed","template":"","meta":{"_acf_changed":false,"give_campaign_id":0,"footnotes":""},"class_list":["post-16808","page","type-page","status-publish","has-post-thumbnail","hentry"],"acf":[],"yoast_head":"<!-- This site is optimized with the Yoast SEO plugin v27.5 - https:\/\/yoast.com\/product\/yoast-seo-wordpress\/ -->\n<title>IVY resident reservations [NOT PUBLIC] - Institut Vajra Yogini<\/title>\n<meta name=\"description\" content=\"Retreat with Venerable Robina at Vajra Yogini Institute, France\" \/>\n<meta name=\"robots\" content=\"noindex, follow\" \/>\n<meta property=\"og:locale\" content=\"en_US\" \/>\n<meta property=\"og:type\" content=\"article\" \/>\n<meta property=\"og:title\" content=\"IVY resident reservations [NOT PUBLIC] - Institut Vajra Yogini\" \/>\n<meta property=\"og:description\" content=\"Retreat with Venerable Robina at Vajra Yogini Institute, France\" \/>\n<meta property=\"og:url\" content=\"https:\/\/www.institutvajrayogini.fr\/en\/practice\/agenda\/resident-volunteer-stay-non-public\/\" \/>\n<meta property=\"og:site_name\" content=\"Institut Vajra Yogini\" \/>\n<meta property=\"article:publisher\" content=\"https:\/\/www.facebook.com\/InstitutVajraYogini\" \/>\n<meta property=\"article:modified_time\" content=\"2026-03-03T20:44:10+00:00\" \/>\n<meta property=\"og:image\" content=\"https:\/\/www.institutvajrayogini.fr\/wp-content\/uploads\/2021\/11\/Stoupa-et-arc-en-ciel-scaled-e1636038484190.jpg\" \/>\n\t<meta property=\"og:image:width\" content=\"1920\" \/>\n\t<meta property=\"og:image:height\" content=\"794\" \/>\n\t<meta property=\"og:image:type\" content=\"image\/jpeg\" \/>\n<meta name=\"twitter:card\" content=\"summary_large_image\" \/>\n<meta name=\"twitter:site\" content=\"@instvajrayogini\" \/>\n<meta name=\"twitter:label1\" content=\"Est. reading time\" \/>\n\t<meta name=\"twitter:data1\" content=\"1 minute\" \/>\n<script type=\"application\/ld+json\" class=\"yoast-schema-graph\">{\"@context\":\"https:\\\/\\\/schema.org\",\"@graph\":[{\"@type\":\"WebPage\",\"@id\":\"https:\\\/\\\/www.institutvajrayogini.fr\\\/en\\\/practice\\\/agenda\\\/resident-volunteer-stay-non-public\\\/\",\"url\":\"https:\\\/\\\/www.institutvajrayogini.fr\\\/en\\\/practice\\\/agenda\\\/resident-volunteer-stay-non-public\\\/\",\"name\":\"IVY resident reservations [NOT PUBLIC] - Institut Vajra Yogini\",\"isPartOf\":{\"@id\":\"https:\\\/\\\/www.institutvajrayogini.fr\\\/en\\\/#website\"},\"primaryImageOfPage\":{\"@id\":\"https:\\\/\\\/www.institutvajrayogini.fr\\\/en\\\/practice\\\/agenda\\\/resident-volunteer-stay-non-public\\\/#primaryimage\"},\"image\":{\"@id\":\"https:\\\/\\\/www.institutvajrayogini.fr\\\/en\\\/practice\\\/agenda\\\/resident-volunteer-stay-non-public\\\/#primaryimage\"},\"thumbnailUrl\":\"https:\\\/\\\/www.institutvajrayogini.fr\\\/wp-content\\\/uploads\\\/2021\\\/11\\\/Stoupa-et-arc-en-ciel-scaled-e1636038484190.jpg\",\"datePublished\":\"2026-03-03T20:31:09+00:00\",\"dateModified\":\"2026-03-03T20:44:10+00:00\",\"description\":\"Retreat with Venerable Robina at Vajra Yogini Institute, France\",\"breadcrumb\":{\"@id\":\"https:\\\/\\\/www.institutvajrayogini.fr\\\/en\\\/practice\\\/agenda\\\/resident-volunteer-stay-non-public\\\/#breadcrumb\"},\"inLanguage\":\"en-US\",\"potentialAction\":[{\"@type\":\"ReadAction\",\"target\":[\"https:\\\/\\\/www.institutvajrayogini.fr\\\/en\\\/practice\\\/agenda\\\/resident-volunteer-stay-non-public\\\/\"]}]},{\"@type\":\"ImageObject\",\"inLanguage\":\"en-US\",\"@id\":\"https:\\\/\\\/www.institutvajrayogini.fr\\\/en\\\/practice\\\/agenda\\\/resident-volunteer-stay-non-public\\\/#primaryimage\",\"url\":\"https:\\\/\\\/www.institutvajrayogini.fr\\\/wp-content\\\/uploads\\\/2021\\\/11\\\/Stoupa-et-arc-en-ciel-scaled-e1636038484190.jpg\",\"contentUrl\":\"https:\\\/\\\/www.institutvajrayogini.fr\\\/wp-content\\\/uploads\\\/2021\\\/11\\\/Stoupa-et-arc-en-ciel-scaled-e1636038484190.jpg\",\"width\":1920,\"height\":794,\"caption\":\"Stoupa and rainbow\"},{\"@type\":\"BreadcrumbList\",\"@id\":\"https:\\\/\\\/www.institutvajrayogini.fr\\\/en\\\/practice\\\/agenda\\\/resident-volunteer-stay-non-public\\\/#breadcrumb\",\"itemListElement\":[{\"@type\":\"ListItem\",\"position\":1,\"name\":\"Accueil\",\"item\":\"https:\\\/\\\/www.institutvajrayogini.fr\\\/en\\\/\"},{\"@type\":\"ListItem\",\"position\":2,\"name\":\"Practice\",\"item\":\"https:\\\/\\\/www.institutvajrayogini.fr\\\/en\\\/pratiquer\\\/\"},{\"@type\":\"ListItem\",\"position\":3,\"name\":\"Agenda\",\"item\":\"https:\\\/\\\/www.institutvajrayogini.fr\\\/en\\\/pratiquer\\\/agenda\\\/\"},{\"@type\":\"ListItem\",\"position\":4,\"name\":\"IVY resident reservations [NOT PUBLIC]\"}]},{\"@type\":\"WebSite\",\"@id\":\"https:\\\/\\\/www.institutvajrayogini.fr\\\/en\\\/#website\",\"url\":\"https:\\\/\\\/www.institutvajrayogini.fr\\\/en\\\/\",\"name\":\"Institut Vajra Yogini\",\"description\":\"Centre d\u2019\u00e9tude et de m\u00e9ditation du bouddhisme tib\u00e9tain\",\"publisher\":{\"@id\":\"https:\\\/\\\/www.institutvajrayogini.fr\\\/en\\\/#organization\"},\"potentialAction\":[{\"@type\":\"SearchAction\",\"target\":{\"@type\":\"EntryPoint\",\"urlTemplate\":\"https:\\\/\\\/www.institutvajrayogini.fr\\\/en\\\/?s={search_term_string}\"},\"query-input\":{\"@type\":\"PropertyValueSpecification\",\"valueRequired\":true,\"valueName\":\"search_term_string\"}}],\"inLanguage\":\"en-US\"},{\"@type\":\"Organization\",\"@id\":\"https:\\\/\\\/www.institutvajrayogini.fr\\\/en\\\/#organization\",\"name\":\"Institut Vajra Yogini\",\"url\":\"https:\\\/\\\/www.institutvajrayogini.fr\\\/en\\\/\",\"logo\":{\"@type\":\"ImageObject\",\"inLanguage\":\"en-US\",\"@id\":\"https:\\\/\\\/www.institutvajrayogini.fr\\\/en\\\/#\\\/schema\\\/logo\\\/image\\\/\",\"url\":\"https:\\\/\\\/www.institutvajrayogini.fr\\\/wp-content\\\/uploads\\\/2021\\\/10\\\/IVY-Logo-720px-carre.jpg\",\"contentUrl\":\"https:\\\/\\\/www.institutvajrayogini.fr\\\/wp-content\\\/uploads\\\/2021\\\/10\\\/IVY-Logo-720px-carre.jpg\",\"width\":720,\"height\":720,\"caption\":\"Institut Vajra Yogini\"},\"image\":{\"@id\":\"https:\\\/\\\/www.institutvajrayogini.fr\\\/en\\\/#\\\/schema\\\/logo\\\/image\\\/\"},\"sameAs\":[\"https:\\\/\\\/www.facebook.com\\\/InstitutVajraYogini\",\"https:\\\/\\\/x.com\\\/instvajrayogini\",\"https:\\\/\\\/www.instagram.com\\\/institutvajrayogini\\\/\",\"https:\\\/\\\/www.youtube.com\\\/channel\\\/UCe5Yh9AkHl6h-EYXSbM02Zw\"]}]}<\/script>\n<!-- \/ Yoast SEO plugin. -->","yoast_head_json":{"title":"IVY resident reservations [NOT PUBLIC] - Institut Vajra Yogini","description":"Retreat with Venerable Robina at Vajra Yogini Institute, France","robots":{"index":"noindex","follow":"follow"},"og_locale":"en_US","og_type":"article","og_title":"IVY resident reservations [NOT PUBLIC] - Institut Vajra Yogini","og_description":"Retreat with Venerable Robina at Vajra Yogini Institute, France","og_url":"https:\/\/www.institutvajrayogini.fr\/en\/practice\/agenda\/resident-volunteer-stay-non-public\/","og_site_name":"Institut Vajra Yogini","article_publisher":"https:\/\/www.facebook.com\/InstitutVajraYogini","article_modified_time":"2026-03-03T20:44:10+00:00","og_image":[{"width":1920,"height":794,"url":"https:\/\/www.institutvajrayogini.fr\/wp-content\/uploads\/2021\/11\/Stoupa-et-arc-en-ciel-scaled-e1636038484190.jpg","type":"image\/jpeg"}],"twitter_card":"summary_large_image","twitter_site":"@instvajrayogini","twitter_misc":{"Est. reading time":"1 minute"},"schema":{"@context":"https:\/\/schema.org","@graph":[{"@type":"WebPage","@id":"https:\/\/www.institutvajrayogini.fr\/en\/practice\/agenda\/resident-volunteer-stay-non-public\/","url":"https:\/\/www.institutvajrayogini.fr\/en\/practice\/agenda\/resident-volunteer-stay-non-public\/","name":"IVY resident reservations [NOT PUBLIC] - Institut Vajra Yogini","isPartOf":{"@id":"https:\/\/www.institutvajrayogini.fr\/en\/#website"},"primaryImageOfPage":{"@id":"https:\/\/www.institutvajrayogini.fr\/en\/practice\/agenda\/resident-volunteer-stay-non-public\/#primaryimage"},"image":{"@id":"https:\/\/www.institutvajrayogini.fr\/en\/practice\/agenda\/resident-volunteer-stay-non-public\/#primaryimage"},"thumbnailUrl":"https:\/\/www.institutvajrayogini.fr\/wp-content\/uploads\/2021\/11\/Stoupa-et-arc-en-ciel-scaled-e1636038484190.jpg","datePublished":"2026-03-03T20:31:09+00:00","dateModified":"2026-03-03T20:44:10+00:00","description":"Retreat with Venerable Robina at Vajra Yogini Institute, France","breadcrumb":{"@id":"https:\/\/www.institutvajrayogini.fr\/en\/practice\/agenda\/resident-volunteer-stay-non-public\/#breadcrumb"},"inLanguage":"en-US","potentialAction":[{"@type":"ReadAction","target":["https:\/\/www.institutvajrayogini.fr\/en\/practice\/agenda\/resident-volunteer-stay-non-public\/"]}]},{"@type":"ImageObject","inLanguage":"en-US","@id":"https:\/\/www.institutvajrayogini.fr\/en\/practice\/agenda\/resident-volunteer-stay-non-public\/#primaryimage","url":"https:\/\/www.institutvajrayogini.fr\/wp-content\/uploads\/2021\/11\/Stoupa-et-arc-en-ciel-scaled-e1636038484190.jpg","contentUrl":"https:\/\/www.institutvajrayogini.fr\/wp-content\/uploads\/2021\/11\/Stoupa-et-arc-en-ciel-scaled-e1636038484190.jpg","width":1920,"height":794,"caption":"Stoupa and rainbow"},{"@type":"BreadcrumbList","@id":"https:\/\/www.institutvajrayogini.fr\/en\/practice\/agenda\/resident-volunteer-stay-non-public\/#breadcrumb","itemListElement":[{"@type":"ListItem","position":1,"name":"Accueil","item":"https:\/\/www.institutvajrayogini.fr\/en\/"},{"@type":"ListItem","position":2,"name":"Practice","item":"https:\/\/www.institutvajrayogini.fr\/en\/pratiquer\/"},{"@type":"ListItem","position":3,"name":"Agenda","item":"https:\/\/www.institutvajrayogini.fr\/en\/pratiquer\/agenda\/"},{"@type":"ListItem","position":4,"name":"IVY resident reservations [NOT PUBLIC]"}]},{"@type":"WebSite","@id":"https:\/\/www.institutvajrayogini.fr\/en\/#website","url":"https:\/\/www.institutvajrayogini.fr\/en\/","name":"Institut Vajra Yogini","description":"Centre d\u2019\u00e9tude et de m\u00e9ditation du bouddhisme tib\u00e9tain","publisher":{"@id":"https:\/\/www.institutvajrayogini.fr\/en\/#organization"},"potentialAction":[{"@type":"SearchAction","target":{"@type":"EntryPoint","urlTemplate":"https:\/\/www.institutvajrayogini.fr\/en\/?s={search_term_string}"},"query-input":{"@type":"PropertyValueSpecification","valueRequired":true,"valueName":"search_term_string"}}],"inLanguage":"en-US"},{"@type":"Organization","@id":"https:\/\/www.institutvajrayogini.fr\/en\/#organization","name":"Institut Vajra Yogini","url":"https:\/\/www.institutvajrayogini.fr\/en\/","logo":{"@type":"ImageObject","inLanguage":"en-US","@id":"https:\/\/www.institutvajrayogini.fr\/en\/#\/schema\/logo\/image\/","url":"https:\/\/www.institutvajrayogini.fr\/wp-content\/uploads\/2021\/10\/IVY-Logo-720px-carre.jpg","contentUrl":"https:\/\/www.institutvajrayogini.fr\/wp-content\/uploads\/2021\/10\/IVY-Logo-720px-carre.jpg","width":720,"height":720,"caption":"Institut Vajra Yogini"},"image":{"@id":"https:\/\/www.institutvajrayogini.fr\/en\/#\/schema\/logo\/image\/"},"sameAs":["https:\/\/www.facebook.com\/InstitutVajraYogini","https:\/\/x.com\/instvajrayogini","https:\/\/www.instagram.com\/institutvajrayogini\/","https:\/\/www.youtube.com\/channel\/UCe5Yh9AkHl6h-EYXSbM02Zw"]}]}},"campaignId":"","_links":{"self":[{"href":"https:\/\/www.institutvajrayogini.fr\/en\/wp-json\/wp\/v2\/pages\/16808","targetHints":{"allow":["GET"]}}],"collection":[{"href":"https:\/\/www.institutvajrayogini.fr\/en\/wp-json\/wp\/v2\/pages"}],"about":[{"href":"https:\/\/www.institutvajrayogini.fr\/en\/wp-json\/wp\/v2\/types\/page"}],"author":[{"embeddable":true,"href":"https:\/\/www.institutvajrayogini.fr\/en\/wp-json\/wp\/v2\/users\/1"}],"replies":[{"embeddable":true,"href":"https:\/\/www.institutvajrayogini.fr\/en\/wp-json\/wp\/v2\/comments?post=16808"}],"version-history":[{"count":11,"href":"https:\/\/www.institutvajrayogini.fr\/en\/wp-json\/wp\/v2\/pages\/16808\/revisions"}],"predecessor-version":[{"id":16819,"href":"https:\/\/www.institutvajrayogini.fr\/en\/wp-json\/wp\/v2\/pages\/16808\/revisions\/16819"}],"up":[{"embeddable":true,"href":"https:\/\/www.institutvajrayogini.fr\/en\/wp-json\/wp\/v2\/pages\/7038"}],"wp:featuredmedia":[{"embeddable":true,"href":"https:\/\/www.institutvajrayogini.fr\/en\/wp-json\/wp\/v2\/media\/5159"}],"wp:attachment":[{"href":"https:\/\/www.institutvajrayogini.fr\/en\/wp-json\/wp\/v2\/media?parent=16808"}],"curies":[{"name":"wp","href":"https:\/\/api.w.org\/{rel}","templated":true}]}}