{"id":6909,"date":"2021-10-15T10:20:14","date_gmt":"2021-10-15T08:20:14","guid":{"rendered":"https:\/\/www.institutvajrayogini.fr\/legal-information\/"},"modified":"2023-07-07T14:50:54","modified_gmt":"2023-07-07T12:50:54","slug":"full-marks","status":"publish","type":"page","link":"https:\/\/www.institutvajrayogini.fr\/en\/full-marks\/","title":{"rendered":"Legal Notice"},"content":{"rendered":"\t\t<div data-elementor-type=\"wp-page\" data-elementor-id=\"6909\" class=\"elementor elementor-6909 elementor-75\" data-elementor-post-type=\"page\">\n\t\t\t\t\t\t<section class=\"has_eae_slider elementor-section elementor-top-section elementor-element elementor-element-a378c5a elementor-section-boxed elementor-section-height-default elementor-section-height-default\" data-eae-slider=\"78442\" data-id=\"a378c5a\" data-element_type=\"section\">\n\t\t\t\t\t\t<div class=\"elementor-container elementor-column-gap-default\">\n\t\t\t\t\t<div class=\"has_eae_slider elementor-column elementor-col-100 elementor-top-column elementor-element elementor-element-b8e45f9\" data-eae-slider=\"97292\" data-id=\"b8e45f9\" data-element_type=\"column\">\n\t\t\t<div class=\"elementor-widget-wrap elementor-element-populated\">\n\t\t\t\t\t\t<div class=\"elementor-element elementor-element-8f77393 elementor-widget elementor-widget-text-editor\" data-id=\"8f77393\" data-element_type=\"widget\" data-widget_type=\"text-editor.default\">\n\t\t\t\t<div class=\"elementor-widget-container\">\n\t\t\t\t\t\t\t\t\t<h2><span id=\"lwptoc20\">1 &#8211; Site editing<\/span><\/h2>\n<p>Pursuant to <a href=\"https:\/\/www.legifrance.gouv.fr\/affichTexte.do?cidTexte=JORFTEXT000000801164#LEGIARTI000042038977\" target=\"_blank\" rel=\"noreferrer noopener\">Article 6 of Law No. 2004-575 of June 21, 2004<\/a> for confidence in the digital economy, users of the website <strong><br \/>\n  <span class=\"ff_dynamic_value\" data-ref=\"url\" data-fallback=\"\">https:\/\/www.institutvajrayogini.fr\/<\/span><br \/>\n<\/strong> the identity of the various parties involved in its creation and follow-up:<\/p>\n<p><strong>Site owner: <\/strong><span class=\"ff_dynamic_value\" data-ref=\"nom_proprietaire\" data-fallback=\"\">Centre Bouddhiste de Marzens<\/span> &#8211; Contact: <a href=\"mailto:reception@institutvajrayogini.fr\"><br \/>\n  <span class=\"ff_dynamic_value\" data-ref=\"e_mail_contact\" data-fallback=\"\">reception@institutvajrayogini.fr<\/span><br \/>\n<\/a> <span class=\"ff_dynamic_value\" data-ref=\"telephone\" data-fallback=\"\">0033563581722<\/span> &#8211; Address: <span class=\"ff_dynamic_value\" data-ref=\"adresse_postale\" data-fallback=\"\">Lieu Dit Clauzade 81500 MARZENS<\/span>.<\/p>\n<p><strong>Company identification:<\/strong> <span class=\"ff_dynamic_value\" data-ref=\"forme_juridique\" data-fallback=\"\">Association<\/span> <span class=\"ff_dynamic_value\" data-ref=\"nom_proprietaire\" data-fallback=\"\">Centre Bouddhiste de Marzens<\/span> with share capital of \u20ac &#8211; SIREN : &#8211; RCS or RM : &#8211; Postal address :  <span class=\"ff_dynamic_value\" data-ref=\"adresse_postale\" data-fallback=\"\">Lieu Dit Clauzade 81500 MARZENS<\/span> &#8211; [Note: add here the hyperlink to your terms and conditions page if you have one].<\/p>\n<p><strong>Publication manager: <\/strong>Nicolas Brun<a href=\"mailto:directeur@institutvajrayogini.fr\" target=\"_blank\" rel=\"noopener\">(directeur@institutvajrayogini.fr)<\/a><\/p>\n<p><strong>Hosted by :<\/strong> <span class=\"ff_dynamic_value\" data-ref=\"hebergeur\" data-fallback=\"\">O2Switch &#8211; 222 Boulevard Gustave Flaubert, 63000 Clermont-Ferrand &#8211; Telephone: 04.44.44.60.40<\/span><\/p>\n<p><strong>Data Protection Officer : <\/strong><a href=\"mailto:it@institutvajrayogini.fr\"><br \/>\n  <span class=\"ff_dynamic_value\" data-ref=\"contact_dpo\" data-fallback=\"\">it@institutvajrayogini.fr<\/span><br \/>\n<\/a><\/p>\n<p><span class=\"ff_dynamic_value\" data-ref=\"autres_contributeurs\" data-fallback=\"\"><strong>Webmaster:<\/strong> Alexis Ben El Hadj<a href=\"mailto:alexis@institutvajrayogini.fr\" target=\"_blank\" rel=\"noopener\">(alexis@institutvajrayogini.fr)<\/a><\/span><\/p>\n<\/p>\n<hr class=\"wp-block-separator\">\n<h2><span id=\"lwptoc21\">2 &#8211; Intellectual property and counterfeiting.<\/span><\/h2>\n<p><strong><br \/>\n  <span class=\"ff_dynamic_value\" data-ref=\"nom_proprietaire\" data-fallback=\"\">Center Bouddhiste de Marzens<\/span><br \/>\n<\/strong> is the owner of the intellectual property rights and holds the rights of use on all the elements accessible on the website, notably texts, images, graphics, logos, videos, architecture, icons and sounds.<\/p>\n<p>Any reproduction, representation, modification, publication, adaptation of all or part of the elements of the site, whatever the means or the process used, is prohibited, except prior written authorization of <strong><br \/>\n  <span class=\"ff_dynamic_value\" data-ref=\"nom_proprietaire\" data-fallback=\"\">Center Bouddhiste de Marzens<\/span><br \/>\n<\/strong>.<\/p>\n<p>Any unauthorized use of the site or of any of the elements it contains will be considered as counterfeiting and will be prosecuted in accordance with the provisions of articles <a href=\"https:\/\/www.legifrance.gouv.fr\/affichCodeArticle.do?idArticle=LEGIARTI000032655082&amp;cidTexte=LEGITEXT000006069414&amp;dateTexte=20160605\" target=\"_blank\" rel=\"noreferrer nofollow noopener\">L.335-2 et seq. of the French Intellectual Property Code<\/a>.<\/p>\n<\/p>\n<hr class=\"wp-block-separator\">\n<h2><span id=\"lwptoc22\">3 &#8211; Limitation of liability.<\/span><\/h2>\n<p><strong><br \/>\n  <span class=\"ff_dynamic_value\" data-ref=\"nom_proprietaire\" data-fallback=\"\">Center Bouddhiste de Marzens<\/span><br \/>\n<\/strong> cannot be held responsible for direct or indirect damage caused to the user&#8217;s equipment when accessing the site <strong><br \/>\n  <span class=\"ff_dynamic_value\" data-ref=\"url\" data-fallback=\"\">https:\/\/www.institutvajrayogini.fr\/<\/span><br \/>\n<\/strong>.<\/p>\n<p><strong><br \/>\n  <span class=\"ff_dynamic_value\" data-ref=\"nom_proprietaire\" data-fallback=\"\">Center Bouddhiste de Marzens<\/span><br \/>\n<\/strong> declines all responsibility for the use that may be made of the information and content present on <strong><br \/>\n  <span class=\"ff_dynamic_value\" data-ref=\"url\" data-fallback=\"\">https:\/\/www.institutvajrayogini.fr\/<\/span><br \/>\n<\/strong>.<\/p>\n<p><strong><br \/>\n  <span class=\"ff_dynamic_value\" data-ref=\"nom_proprietaire\" data-fallback=\"\">Center Bouddhiste de Marzens<\/span><br \/>\n<\/strong> undertakes to secure the site to the best of its ability <strong><br \/>\n  <span class=\"ff_dynamic_value\" data-ref=\"url\" data-fallback=\"\">https:\/\/www.institutvajrayogini.fr\/<\/span><br \/>\n<\/strong>However, it cannot be held responsible if unwanted data is imported and installed on its site without its knowledge.<\/p>\n<p>Interactive areas (contact space or comments) are available to users.  <strong><br \/>\n  <span class=\"ff_dynamic_value\" data-ref=\"nom_proprietaire\" data-fallback=\"\">Center Bouddhiste de Marzens<\/span><br \/>\n<\/strong> reserves the right to delete, without prior notice, any content posted in this space that contravenes the legislation applicable in France, in particular provisions relating to data protection.<\/p>\n<p>If applicable, <strong><br \/>\n  <span class=\"ff_dynamic_value\" data-ref=\"nom_proprietaire\" data-fallback=\"\">Center Bouddhiste de Marzens<\/span><br \/>\n<\/strong> also reserves the right to hold the user civilly and\/or criminally liable, particularly in the event of messages of a racist, insulting, defamatory or pornographic nature, whatever the medium used (text, photographs, etc.).<\/p>\n<\/p>\n<hr class=\"wp-block-separator\">\n<h2><span id=\"lwptoc23\">4 &#8211; CNIL and personal data management.<\/span><\/h2>\n<p>In accordance with the provisions of <a href=\"https:\/\/www.legifrance.gouv.fr\/affichTexte.do?cidTexte=JORFTEXT000000886460\" target=\"_blank\" rel=\"noreferrer nofollow noopener\">Law 78-17 of January 6, 1978 as amended<\/a>, the user of the site <strong><br \/>\n  <span class=\"ff_dynamic_value\" data-ref=\"url\" data-fallback=\"\">https:\/\/www.institutvajrayogini.fr\/<\/span><br \/>\n<\/strong> has the right to access, modify and delete any information collected. To exercise this right, send a message to our Data Protection Officer: <a href=\"mailto:it@institutvajrayogini.fr\" target=\"_blank\" rel=\"noopener\"><br \/>\n  <strong><br \/>\n    <span class=\"ff_dynamic_value\" data-ref=\"contact_dpo\" data-fallback=\"\">it@institutvajrayogini.fr<\/span><br \/>\n  <\/strong><br \/>\n<\/a>.<\/p>\n<p>For more information on how we process your data (type of data, purpose, recipient, etc.), please read our <a href=\"https:\/\/goo.gl\/wdWqZn\" target=\"_blank\" rel=\"noopener\">privacy policy<\/a>.<\/p>\n<\/p>\n<hr class=\"wp-block-separator\">\n<h2><span id=\"lwptoc24\">5 &#8211; Hyperlinks and cookies<\/span><\/h2>\n<p>The website <strong><br \/>\n  <span class=\"ff_dynamic_value\" data-ref=\"url\" data-fallback=\"\">https:\/\/www.institutvajrayogini.fr\/<\/span><br \/>\n<\/strong> contains hypertext links to other sites and accepts no responsibility for these external links or for links created by other sites to <strong><br \/>\n  <span class=\"ff_dynamic_value\" data-ref=\"url\" data-fallback=\"\">https:\/\/www.institutvajrayogini.fr\/<\/span><br \/>\n<\/strong>.<\/p>\n<p>Site navigation <strong><br \/>\n  <span class=\"ff_dynamic_value\" data-ref=\"url\" data-fallback=\"\">https:\/\/www.institutvajrayogini.fr\/<\/span><br \/>\n<\/strong> is likely to cause the installation of cookie(s) on the user&#8217;s computer.<\/p>\n<p>A &#8220;cookie&#8221; is a small file that records information about a user&#8217;s navigation on a site. The data thus obtained can be used to measure visitor numbers, for example.<\/p>\n<p>You can <strong>accept or reject cookies<\/strong> by modifying your browser settings. No cookies will be deposited without your consent.<\/p>\n<p>Cookies are stored for a maximum of <span class=\"ff_dynamic_value\" data-ref=\"cookies\" data-fallback=\"\">12<\/span> months.<\/p>\n<p>For more information on how we use cookies, please read our<a href=\"https:\/\/goo.gl\/wdWqZn\" target=\"_blank\" rel=\"noopener\">privacy<\/a> policy.<\/p>\n\t\t\t\t\t\t\t\t<\/div>\n\t\t\t\t<\/div>\n\t\t\t\t\t<\/div>\n\t\t<\/div>\n\t\t\t\t\t<\/div>\n\t\t<\/section>\n\t\t\t\t<\/div>\n\t\t","protected":false},"excerpt":{"rendered":"<p>1 &#8211; Site editing Pursuant to Article 6 of Law No. 2004-575 of June 21, 2004 for confidence in the digital economy, users of the website https:\/\/www.institutvajrayogini.fr\/ the identity of the various parties involved in its creation and follow-up: Site owner: Centre Bouddhiste de Marzens &#8211; Contact: reception@institutvajrayogini.fr 0033563581722 &#8211; Address: Lieu Dit Clauzade 81500 [&hellip;]<\/p>\n","protected":false},"author":1,"featured_media":0,"parent":0,"menu_order":0,"comment_status":"closed","ping_status":"closed","template":"","meta":{"_acf_changed":false,"give_campaign_id":0,"footnotes":""},"class_list":["post-6909","page","type-page","status-publish","hentry"],"acf":[],"yoast_head":"<!-- This site is optimized with the Yoast SEO plugin v27.5 - https:\/\/yoast.com\/product\/yoast-seo-wordpress\/ -->\n<title>Legal Notice - Institut Vajra Yogini<\/title>\n<meta name=\"robots\" content=\"index, follow, max-snippet:-1, max-image-preview:large, max-video-preview:-1\" \/>\n<link rel=\"canonical\" href=\"https:\/\/www.institutvajrayogini.fr\/en\/full-marks\/\" \/>\n<meta property=\"og:locale\" content=\"en_US\" \/>\n<meta property=\"og:type\" content=\"article\" \/>\n<meta property=\"og:title\" content=\"Legal Notice - Institut Vajra Yogini\" \/>\n<meta property=\"og:description\" content=\"1 &#8211; Site editing Pursuant to Article 6 of Law No. 2004-575 of June 21, 2004 for confidence in the digital economy, users of the website https:\/\/www.institutvajrayogini.fr\/ the identity of the various parties involved in its creation and follow-up: Site owner: Centre Bouddhiste de Marzens &#8211; Contact: reception@institutvajrayogini.fr 0033563581722 &#8211; Address: Lieu Dit Clauzade 81500 [&hellip;]\" \/>\n<meta property=\"og:url\" content=\"https:\/\/www.institutvajrayogini.fr\/en\/full-marks\/\" \/>\n<meta property=\"og:site_name\" content=\"Institut Vajra Yogini\" \/>\n<meta property=\"article:publisher\" content=\"https:\/\/www.facebook.com\/InstitutVajraYogini\" \/>\n<meta property=\"article:modified_time\" content=\"2023-07-07T12:50:54+00:00\" \/>\n<meta name=\"twitter:card\" content=\"summary_large_image\" \/>\n<meta name=\"twitter:site\" content=\"@instvajrayogini\" \/>\n<meta name=\"twitter:label1\" content=\"Est. reading time\" \/>\n\t<meta name=\"twitter:data1\" content=\"3 minutes\" \/>\n<script type=\"application\/ld+json\" class=\"yoast-schema-graph\">{\"@context\":\"https:\\\/\\\/schema.org\",\"@graph\":[{\"@type\":\"WebPage\",\"@id\":\"https:\\\/\\\/www.institutvajrayogini.fr\\\/en\\\/full-marks\\\/\",\"url\":\"https:\\\/\\\/www.institutvajrayogini.fr\\\/en\\\/full-marks\\\/\",\"name\":\"Legal Notice - Institut Vajra Yogini\",\"isPartOf\":{\"@id\":\"https:\\\/\\\/www.institutvajrayogini.fr\\\/en\\\/#website\"},\"datePublished\":\"2021-10-15T08:20:14+00:00\",\"dateModified\":\"2023-07-07T12:50:54+00:00\",\"breadcrumb\":{\"@id\":\"https:\\\/\\\/www.institutvajrayogini.fr\\\/en\\\/full-marks\\\/#breadcrumb\"},\"inLanguage\":\"en-US\",\"potentialAction\":[{\"@type\":\"ReadAction\",\"target\":[\"https:\\\/\\\/www.institutvajrayogini.fr\\\/en\\\/full-marks\\\/\"]}]},{\"@type\":\"BreadcrumbList\",\"@id\":\"https:\\\/\\\/www.institutvajrayogini.fr\\\/en\\\/full-marks\\\/#breadcrumb\",\"itemListElement\":[{\"@type\":\"ListItem\",\"position\":1,\"name\":\"Accueil\",\"item\":\"https:\\\/\\\/www.institutvajrayogini.fr\\\/en\\\/\"},{\"@type\":\"ListItem\",\"position\":2,\"name\":\"Legal Notice\"}]},{\"@type\":\"WebSite\",\"@id\":\"https:\\\/\\\/www.institutvajrayogini.fr\\\/en\\\/#website\",\"url\":\"https:\\\/\\\/www.institutvajrayogini.fr\\\/en\\\/\",\"name\":\"Institut Vajra Yogini\",\"description\":\"Centre d\u2019\u00e9tude et de m\u00e9ditation du bouddhisme tib\u00e9tain\",\"publisher\":{\"@id\":\"https:\\\/\\\/www.institutvajrayogini.fr\\\/en\\\/#organization\"},\"potentialAction\":[{\"@type\":\"SearchAction\",\"target\":{\"@type\":\"EntryPoint\",\"urlTemplate\":\"https:\\\/\\\/www.institutvajrayogini.fr\\\/en\\\/?s={search_term_string}\"},\"query-input\":{\"@type\":\"PropertyValueSpecification\",\"valueRequired\":true,\"valueName\":\"search_term_string\"}}],\"inLanguage\":\"en-US\"},{\"@type\":\"Organization\",\"@id\":\"https:\\\/\\\/www.institutvajrayogini.fr\\\/en\\\/#organization\",\"name\":\"Institut Vajra Yogini\",\"url\":\"https:\\\/\\\/www.institutvajrayogini.fr\\\/en\\\/\",\"logo\":{\"@type\":\"ImageObject\",\"inLanguage\":\"en-US\",\"@id\":\"https:\\\/\\\/www.institutvajrayogini.fr\\\/en\\\/#\\\/schema\\\/logo\\\/image\\\/\",\"url\":\"https:\\\/\\\/www.institutvajrayogini.fr\\\/wp-content\\\/uploads\\\/2021\\\/10\\\/IVY-Logo-720px-carre.jpg\",\"contentUrl\":\"https:\\\/\\\/www.institutvajrayogini.fr\\\/wp-content\\\/uploads\\\/2021\\\/10\\\/IVY-Logo-720px-carre.jpg\",\"width\":720,\"height\":720,\"caption\":\"Institut Vajra Yogini\"},\"image\":{\"@id\":\"https:\\\/\\\/www.institutvajrayogini.fr\\\/en\\\/#\\\/schema\\\/logo\\\/image\\\/\"},\"sameAs\":[\"https:\\\/\\\/www.facebook.com\\\/InstitutVajraYogini\",\"https:\\\/\\\/x.com\\\/instvajrayogini\",\"https:\\\/\\\/www.instagram.com\\\/institutvajrayogini\\\/\",\"https:\\\/\\\/www.youtube.com\\\/channel\\\/UCe5Yh9AkHl6h-EYXSbM02Zw\"]}]}<\/script>\n<!-- \/ Yoast SEO plugin. -->","yoast_head_json":{"title":"Legal Notice - Institut Vajra Yogini","robots":{"index":"index","follow":"follow","max-snippet":"max-snippet:-1","max-image-preview":"max-image-preview:large","max-video-preview":"max-video-preview:-1"},"canonical":"https:\/\/www.institutvajrayogini.fr\/en\/full-marks\/","og_locale":"en_US","og_type":"article","og_title":"Legal Notice - Institut Vajra Yogini","og_description":"1 &#8211; Site editing Pursuant to Article 6 of Law No. 2004-575 of June 21, 2004 for confidence in the digital economy, users of the website https:\/\/www.institutvajrayogini.fr\/ the identity of the various parties involved in its creation and follow-up: Site owner: Centre Bouddhiste de Marzens &#8211; Contact: reception@institutvajrayogini.fr 0033563581722 &#8211; Address: Lieu Dit Clauzade 81500 [&hellip;]","og_url":"https:\/\/www.institutvajrayogini.fr\/en\/full-marks\/","og_site_name":"Institut Vajra Yogini","article_publisher":"https:\/\/www.facebook.com\/InstitutVajraYogini","article_modified_time":"2023-07-07T12:50:54+00:00","twitter_card":"summary_large_image","twitter_site":"@instvajrayogini","twitter_misc":{"Est. reading time":"3 minutes"},"schema":{"@context":"https:\/\/schema.org","@graph":[{"@type":"WebPage","@id":"https:\/\/www.institutvajrayogini.fr\/en\/full-marks\/","url":"https:\/\/www.institutvajrayogini.fr\/en\/full-marks\/","name":"Legal Notice - Institut Vajra Yogini","isPartOf":{"@id":"https:\/\/www.institutvajrayogini.fr\/en\/#website"},"datePublished":"2021-10-15T08:20:14+00:00","dateModified":"2023-07-07T12:50:54+00:00","breadcrumb":{"@id":"https:\/\/www.institutvajrayogini.fr\/en\/full-marks\/#breadcrumb"},"inLanguage":"en-US","potentialAction":[{"@type":"ReadAction","target":["https:\/\/www.institutvajrayogini.fr\/en\/full-marks\/"]}]},{"@type":"BreadcrumbList","@id":"https:\/\/www.institutvajrayogini.fr\/en\/full-marks\/#breadcrumb","itemListElement":[{"@type":"ListItem","position":1,"name":"Accueil","item":"https:\/\/www.institutvajrayogini.fr\/en\/"},{"@type":"ListItem","position":2,"name":"Legal Notice"}]},{"@type":"WebSite","@id":"https:\/\/www.institutvajrayogini.fr\/en\/#website","url":"https:\/\/www.institutvajrayogini.fr\/en\/","name":"Institut Vajra Yogini","description":"Centre d\u2019\u00e9tude et de m\u00e9ditation du bouddhisme tib\u00e9tain","publisher":{"@id":"https:\/\/www.institutvajrayogini.fr\/en\/#organization"},"potentialAction":[{"@type":"SearchAction","target":{"@type":"EntryPoint","urlTemplate":"https:\/\/www.institutvajrayogini.fr\/en\/?s={search_term_string}"},"query-input":{"@type":"PropertyValueSpecification","valueRequired":true,"valueName":"search_term_string"}}],"inLanguage":"en-US"},{"@type":"Organization","@id":"https:\/\/www.institutvajrayogini.fr\/en\/#organization","name":"Institut Vajra Yogini","url":"https:\/\/www.institutvajrayogini.fr\/en\/","logo":{"@type":"ImageObject","inLanguage":"en-US","@id":"https:\/\/www.institutvajrayogini.fr\/en\/#\/schema\/logo\/image\/","url":"https:\/\/www.institutvajrayogini.fr\/wp-content\/uploads\/2021\/10\/IVY-Logo-720px-carre.jpg","contentUrl":"https:\/\/www.institutvajrayogini.fr\/wp-content\/uploads\/2021\/10\/IVY-Logo-720px-carre.jpg","width":720,"height":720,"caption":"Institut Vajra Yogini"},"image":{"@id":"https:\/\/www.institutvajrayogini.fr\/en\/#\/schema\/logo\/image\/"},"sameAs":["https:\/\/www.facebook.com\/InstitutVajraYogini","https:\/\/x.com\/instvajrayogini","https:\/\/www.instagram.com\/institutvajrayogini\/","https:\/\/www.youtube.com\/channel\/UCe5Yh9AkHl6h-EYXSbM02Zw"]}]}},"campaignId":"","_links":{"self":[{"href":"https:\/\/www.institutvajrayogini.fr\/en\/wp-json\/wp\/v2\/pages\/6909","targetHints":{"allow":["GET"]}}],"collection":[{"href":"https:\/\/www.institutvajrayogini.fr\/en\/wp-json\/wp\/v2\/pages"}],"about":[{"href":"https:\/\/www.institutvajrayogini.fr\/en\/wp-json\/wp\/v2\/types\/page"}],"author":[{"embeddable":true,"href":"https:\/\/www.institutvajrayogini.fr\/en\/wp-json\/wp\/v2\/users\/1"}],"replies":[{"embeddable":true,"href":"https:\/\/www.institutvajrayogini.fr\/en\/wp-json\/wp\/v2\/comments?post=6909"}],"version-history":[{"count":2,"href":"https:\/\/www.institutvajrayogini.fr\/en\/wp-json\/wp\/v2\/pages\/6909\/revisions"}],"predecessor-version":[{"id":11660,"href":"https:\/\/www.institutvajrayogini.fr\/en\/wp-json\/wp\/v2\/pages\/6909\/revisions\/11660"}],"wp:attachment":[{"href":"https:\/\/www.institutvajrayogini.fr\/en\/wp-json\/wp\/v2\/media?parent=6909"}],"curies":[{"name":"wp","href":"https:\/\/api.w.org\/{rel}","templated":true}]}}