{"id":8120,"date":"2022-01-06T12:22:50","date_gmt":"2022-01-06T11:22:50","guid":{"rendered":"https:\/\/www.institutvajrayogini.fr\/practice\/retreats\/personal-retreat\/"},"modified":"2026-02-05T18:42:46","modified_gmt":"2026-02-05T17:42:46","slug":"personal-retreat","status":"publish","type":"page","link":"https:\/\/www.institutvajrayogini.fr\/en\/practice\/retreats\/personal-retreat\/","title":{"rendered":"Personal Retreat"},"content":{"rendered":"\t\t<div data-elementor-type=\"wp-page\" data-elementor-id=\"8120\" class=\"elementor elementor-8120 elementor-4078\" data-elementor-post-type=\"page\">\n\t\t\t\t\t\t<section class=\"has_eae_slider elementor-section elementor-top-section elementor-element elementor-element-5d6cb5e elementor-section-boxed elementor-section-height-default elementor-section-height-default\" data-eae-slider=\"2059\" data-id=\"5d6cb5e\" data-element_type=\"section\">\n\t\t\t\t\t\t<div class=\"elementor-container elementor-column-gap-default\">\n\t\t\t\t\t<div class=\"has_eae_slider elementor-column elementor-col-100 elementor-top-column elementor-element elementor-element-732ea9f\" data-eae-slider=\"55222\" data-id=\"732ea9f\" data-element_type=\"column\">\n\t\t\t<div class=\"elementor-widget-wrap elementor-element-populated\">\n\t\t\t\t\t\t<div class=\"elementor-element elementor-element-f4640db soulignage_partiel_bleu elementor-widget elementor-widget-heading\" data-id=\"f4640db\" data-element_type=\"widget\" data-widget_type=\"heading.default\">\n\t\t\t\t<div class=\"elementor-widget-container\">\n\t\t\t\t\t<h2 class=\"elementor-heading-title elementor-size-default\">Stay or personal retreat<\/h2>\t\t\t\t<\/div>\n\t\t\t\t<\/div>\n\t\t\t\t\t<\/div>\n\t\t<\/div>\n\t\t\t\t\t<\/div>\n\t\t<\/section>\n\t\t\t\t<section class=\"has_eae_slider elementor-section elementor-top-section elementor-element elementor-element-0f354e8 elementor-section-boxed elementor-section-height-default elementor-section-height-default\" data-eae-slider=\"68084\" data-id=\"0f354e8\" data-element_type=\"section\">\n\t\t\t\t\t\t<div class=\"elementor-container elementor-column-gap-default\">\n\t\t\t\t\t<div class=\"has_eae_slider elementor-column elementor-col-100 elementor-top-column elementor-element elementor-element-58577c7\" data-eae-slider=\"65212\" data-id=\"58577c7\" data-element_type=\"column\">\n\t\t\t<div class=\"elementor-widget-wrap elementor-element-populated\">\n\t\t\t\t\t\t<div class=\"elementor-element elementor-element-1b23ae9 elementor-widget elementor-widget-image\" data-id=\"1b23ae9\" data-element_type=\"widget\" data-widget_type=\"image.default\">\n\t\t\t\t<div class=\"elementor-widget-container\">\n\t\t\t\t\t\t\t\t\t\t\t\t\t\t\t<img fetchpriority=\"high\" decoding=\"async\" width=\"1920\" height=\"890\" src=\"https:\/\/www.institutvajrayogini.fr\/wp-content\/uploads\/2022\/03\/Meditante-foret-banner.jpg\" class=\"attachment-full size-full wp-image-6777\" alt=\"A woman meditating in the forest, seen from behind\" srcset=\"https:\/\/www.institutvajrayogini.fr\/wp-content\/uploads\/2022\/03\/Meditante-foret-banner.jpg 1920w, https:\/\/www.institutvajrayogini.fr\/wp-content\/uploads\/2022\/03\/Meditante-foret-banner-300x139.jpg 300w, https:\/\/www.institutvajrayogini.fr\/wp-content\/uploads\/2022\/03\/Meditante-foret-banner-1024x475.jpg 1024w, https:\/\/www.institutvajrayogini.fr\/wp-content\/uploads\/2022\/03\/Meditante-foret-banner-768x356.jpg 768w, https:\/\/www.institutvajrayogini.fr\/wp-content\/uploads\/2022\/03\/Meditante-foret-banner-1536x712.jpg 1536w\" sizes=\"(max-width: 1920px) 100vw, 1920px\" \/>\t\t\t\t\t\t\t\t\t\t\t\t\t\t\t<\/div>\n\t\t\t\t<\/div>\n\t\t\t\t\t<\/div>\n\t\t<\/div>\n\t\t\t\t\t<\/div>\n\t\t<\/section>\n\t\t\t\t<section class=\"has_eae_slider elementor-section elementor-top-section elementor-element elementor-element-f9727b9 elementor-reverse-tablet elementor-reverse-mobile elementor-section-boxed elementor-section-height-default elementor-section-height-default\" data-eae-slider=\"60858\" data-id=\"f9727b9\" data-element_type=\"section\">\n\t\t\t\t\t\t<div class=\"elementor-container elementor-column-gap-custom\">\n\t\t\t\t\t<div class=\"has_eae_slider elementor-column elementor-col-50 elementor-top-column elementor-element elementor-element-2866bd7\" data-eae-slider=\"47634\" data-id=\"2866bd7\" data-element_type=\"column\">\n\t\t\t<div class=\"elementor-widget-wrap elementor-element-populated\">\n\t\t\t\t\t\t<section class=\"has_eae_slider elementor-section elementor-inner-section elementor-element elementor-element-5435a10 elementor-section-height-min-height elementor-section-boxed elementor-section-height-default\" data-eae-slider=\"73129\" data-id=\"5435a10\" data-element_type=\"section\">\n\t\t\t\t\t\t<div class=\"elementor-container elementor-column-gap-default\">\n\t\t\t\t\t<div class=\"has_eae_slider elementor-column elementor-col-100 elementor-inner-column elementor-element elementor-element-edc94f2\" data-eae-slider=\"11041\" data-id=\"edc94f2\" data-element_type=\"column\" data-settings=\"{&quot;background_background&quot;:&quot;classic&quot;}\">\n\t\t\t<div class=\"elementor-widget-wrap elementor-element-populated\">\n\t\t\t\t\t\t<div class=\"elementor-element elementor-element-b483021 elementor-widget elementor-widget-heading\" data-id=\"b483021\" data-element_type=\"widget\" data-widget_type=\"heading.default\">\n\t\t\t\t<div class=\"elementor-widget-container\">\n\t\t\t\t\t<h3 class=\"elementor-heading-title elementor-size-default\">Booking<\/h3>\t\t\t\t<\/div>\n\t\t\t\t<\/div>\n\t\t\t\t<div class=\"elementor-element elementor-element-fcde552 elementor-widget elementor-widget-text-editor\" data-id=\"fcde552\" data-element_type=\"widget\" data-widget_type=\"text-editor.default\">\n\t\t\t\t<div class=\"elementor-widget-container\">\n\t\t\t\t\t\t\t\t\t<p>Booking is open by default for<strong> a maximum stay of one week <\/strong>but you can request for longer periods in the booking.<\/p><p>We also ask you to fill in an <a href=\"https:\/\/docs.google.com\/forms\/d\/e\/1FAIpQLSf3R_Qao8o6v-PPirz4V5uqCP5cW9uIjdTw9lSX9RRo8kNbJA\/viewform\">information questionnaire<\/a> beforehand. The reservation cannot be validated without it.<\/p><div id=\"gtx-trans\" style=\"position: absolute; left: 379px; top: 78px;\"><div class=\"gtx-trans-icon\">\u00a0<\/div><\/div>\t\t\t\t\t\t\t\t<\/div>\n\t\t\t\t<\/div>\n\t\t\t\t<div class=\"elementor-element elementor-element-9b2dbdc elementor-align-center elementor-tablet-align-center elementor-mobile-align-center elementor-widget elementor-widget-button\" data-id=\"9b2dbdc\" data-element_type=\"widget\" data-widget_type=\"button.default\">\n\t\t\t\t<div class=\"elementor-widget-container\">\n\t\t\t\t\t\t\t\t\t<div class=\"elementor-button-wrapper\">\n\t\t\t\t\t<a class=\"elementor-button elementor-button-link elementor-size-xs\" href=\"#elementor-action%3Aaction%3Dpopup%3Aopen%26settings%3DeyJpZCI6MTUyMjYsInRvZ2dsZSI6ZmFsc2V9\" data-ivy-src=\"https:\/\/booking.seminardesk.de\/fr\/institutvajrayogini\/6c6417fceca84d22b9ce8a9f0fc19be3\/sejour-personnel\/embed-form\">\n\t\t\t\t\t\t<span class=\"elementor-button-content-wrapper\">\n\t\t\t\t\t\t\t\t\t<span class=\"elementor-button-text\">Book<\/span>\n\t\t\t\t\t<\/span>\n\t\t\t\t\t<\/a>\n\t\t\t\t<\/div>\n\t\t\t\t\t\t\t\t<\/div>\n\t\t\t\t<\/div>\n\t\t\t\t\t<\/div>\n\t\t<\/div>\n\t\t\t\t\t<\/div>\n\t\t<\/section>\n\t\t\t\t<div class=\"elementor-element elementor-element-c0d57c4 elementor-widget elementor-widget-spacer\" data-id=\"c0d57c4\" data-element_type=\"widget\" data-widget_type=\"spacer.default\">\n\t\t\t\t<div class=\"elementor-widget-container\">\n\t\t\t\t\t\t\t<div class=\"elementor-spacer\">\n\t\t\t<div class=\"elementor-spacer-inner\"><\/div>\n\t\t<\/div>\n\t\t\t\t\t\t<\/div>\n\t\t\t\t<\/div>\n\t\t\t\t<div class=\"elementor-element elementor-element-aad5627 elementor-widget elementor-widget-spacer\" data-id=\"aad5627\" data-element_type=\"widget\" data-widget_type=\"spacer.default\">\n\t\t\t\t<div class=\"elementor-widget-container\">\n\t\t\t\t\t\t\t<div class=\"elementor-spacer\">\n\t\t\t<div class=\"elementor-spacer-inner\"><\/div>\n\t\t<\/div>\n\t\t\t\t\t\t<\/div>\n\t\t\t\t<\/div>\n\t\t\t\t\t<\/div>\n\t\t<\/div>\n\t\t\t\t<div class=\"has_eae_slider elementor-column elementor-col-50 elementor-top-column elementor-element elementor-element-2a96d93\" data-eae-slider=\"63849\" data-id=\"2a96d93\" data-element_type=\"column\">\n\t\t\t<div class=\"elementor-widget-wrap elementor-element-populated\">\n\t\t\t\t\t\t<div class=\"elementor-element elementor-element-fcd542b elementor-widget elementor-widget-heading\" data-id=\"fcd542b\" data-element_type=\"widget\" data-widget_type=\"heading.default\">\n\t\t\t\t<div class=\"elementor-widget-container\">\n\t\t\t\t\t<h3 class=\"elementor-heading-title elementor-size-default\">A favorable place<\/h3>\t\t\t\t<\/div>\n\t\t\t\t<\/div>\n\t\t\t\t<div class=\"elementor-element elementor-element-c2cf96a elementor-widget elementor-widget-text-editor\" data-id=\"c2cf96a\" data-element_type=\"widget\" data-widget_type=\"text-editor.default\">\n\t\t\t\t<div class=\"elementor-widget-container\">\n\t\t\t\t\t\t\t\t\t<p>Our center is open for personal retreats depending on accommodation\u2019 s availabilities, weekends and summer periods offering fewer possibilities. The Institute offers an environment conducive to contemplative practices and benefits from the blessings of all the great spiritual practitioners who have honored it with their presence for over 40 years.<\/p>\n<p>The environment of the Institute is also ideal for outdoor meditation and walks.<br><\/p>\n<p>Our library is permanently opened, you will be able to consult many books related to Buddhist practice&nbsp;<a href=\"https:\/\/v2.hiboutheque.fr\/mediatheque\/2538-centrebouddhiste-marzens-81\/documents\/\" target=\"_blank\" rel=\"noopener\" data-aspx-saved-src=\"https:\/\/v2.hiboutheque.fr\/mediatheque\/2538-centrebouddhiste-marzens-81\/documents\/\">(consult the collection<\/a>).<\/p>\n<p>Meals are shared with the community, and it is also possible to eat in silence in reserved areas.<\/p>\n<p>The Institute is home to a community of monastic and lay practitioners. Daily, each person studies Buddhism at his or her own level, participates in the center\u2019s activities and in welcoming the public, attends services and responds to requests for special prayers and spiritual support. You can join the daily morning practices which are held in the temple.<\/p>\n<p>We also offer <a href=\"https:\/\/www.institutvajrayogini.fr\/en\/practice\/agenda\/\">many activities<\/a> that you can join during your stay.<\/p>\t\t\t\t\t\t\t\t<\/div>\n\t\t\t\t<\/div>\n\t\t\t\t\t<\/div>\n\t\t<\/div>\n\t\t\t\t\t<\/div>\n\t\t<\/section>\n\t\t\t\t<section class=\"has_eae_slider elementor-section elementor-top-section elementor-element elementor-element-018eec4 elementor-section-boxed elementor-section-height-default elementor-section-height-default\" data-eae-slider=\"49745\" data-id=\"018eec4\" data-element_type=\"section\">\n\t\t\t\t\t\t<div class=\"elementor-container elementor-column-gap-default\">\n\t\t\t\t\t<div class=\"has_eae_slider elementor-column elementor-col-100 elementor-top-column elementor-element elementor-element-ecc0d76\" data-eae-slider=\"7090\" data-id=\"ecc0d76\" data-element_type=\"column\">\n\t\t\t<div class=\"elementor-widget-wrap elementor-element-populated\">\n\t\t\t\t\t\t<div class=\"elementor-element elementor-element-4fd9d34 elementor-widget elementor-widget-spacer\" data-id=\"4fd9d34\" data-element_type=\"widget\" data-widget_type=\"spacer.default\">\n\t\t\t\t<div class=\"elementor-widget-container\">\n\t\t\t\t\t\t\t<div class=\"elementor-spacer\">\n\t\t\t<div class=\"elementor-spacer-inner\"><\/div>\n\t\t<\/div>\n\t\t\t\t\t\t<\/div>\n\t\t\t\t<\/div>\n\t\t\t\t<div class=\"elementor-element elementor-element-40593fc elementor-align-right elementor-widget elementor-widget-button\" data-id=\"40593fc\" data-element_type=\"widget\" data-widget_type=\"button.default\">\n\t\t\t\t<div class=\"elementor-widget-container\">\n\t\t\t\t\t\t\t\t\t<div class=\"elementor-button-wrapper\">\n\t\t\t\t\t<a class=\"elementor-button elementor-button-link elementor-size-sm elementor-animation-grow\" href=\"https:\/\/www.institutvajrayogini.fr\/en\/practice\/retreats\/\">\n\t\t\t\t\t\t<span class=\"elementor-button-content-wrapper\">\n\t\t\t\t\t\t<span class=\"elementor-button-icon\">\n\t\t\t\t<i aria-hidden=\"true\" class=\"fas fa-chevron-right\"><\/i>\t\t\t<\/span>\n\t\t\t\t\t\t\t\t\t<span class=\"elementor-button-text\">See other retreats<\/span>\n\t\t\t\t\t<\/span>\n\t\t\t\t\t<\/a>\n\t\t\t\t<\/div>\n\t\t\t\t\t\t\t\t<\/div>\n\t\t\t\t<\/div>\n\t\t\t\t<div class=\"elementor-element elementor-element-64a3ecd elementor-widget elementor-widget-spacer\" data-id=\"64a3ecd\" data-element_type=\"widget\" data-widget_type=\"spacer.default\">\n\t\t\t\t<div class=\"elementor-widget-container\">\n\t\t\t\t\t\t\t<div class=\"elementor-spacer\">\n\t\t\t<div class=\"elementor-spacer-inner\"><\/div>\n\t\t<\/div>\n\t\t\t\t\t\t<\/div>\n\t\t\t\t<\/div>\n\t\t\t\t\t<\/div>\n\t\t<\/div>\n\t\t\t\t\t<\/div>\n\t\t<\/section>\n\t\t\t\t<\/div>\n\t\t","protected":false},"excerpt":{"rendered":"<p>Stay or personal retreat Booking Booking is open by default for a maximum stay of one week but you can request for longer periods in the booking. We also ask you to fill in an information questionnaire beforehand. The reservation cannot be validated without it. \u00a0 Book A favorable place Our center is open for [&hellip;]<\/p>\n","protected":false},"author":1,"featured_media":0,"parent":7713,"menu_order":0,"comment_status":"closed","ping_status":"closed","template":"","meta":{"_acf_changed":false,"give_campaign_id":0,"footnotes":""},"class_list":["post-8120","page","type-page","status-publish","hentry"],"acf":[],"yoast_head":"<!-- This site is optimized with the Yoast SEO plugin v27.5 - https:\/\/yoast.com\/product\/yoast-seo-wordpress\/ -->\n<title>Personal Retreat - Institut Vajra Yogini<\/title>\n<meta name=\"description\" content=\"Our center is open to personal retreats and stays. It offers an environment conducive to healing and meditation.\" \/>\n<meta name=\"robots\" content=\"index, follow, max-snippet:-1, max-image-preview:large, max-video-preview:-1\" \/>\n<link rel=\"canonical\" href=\"https:\/\/www.institutvajrayogini.fr\/en\/practice\/retreats\/personal-retreat\/\" \/>\n<meta property=\"og:locale\" content=\"en_US\" \/>\n<meta property=\"og:type\" content=\"article\" \/>\n<meta property=\"og:title\" content=\"Personal Retreat - Institut Vajra Yogini\" \/>\n<meta property=\"og:description\" content=\"Our center is open to personal retreats and stays. It offers an environment conducive to healing and meditation.\" \/>\n<meta property=\"og:url\" content=\"https:\/\/www.institutvajrayogini.fr\/en\/practice\/retreats\/personal-retreat\/\" \/>\n<meta property=\"og:site_name\" content=\"Institut Vajra Yogini\" \/>\n<meta property=\"article:publisher\" content=\"https:\/\/www.facebook.com\/InstitutVajraYogini\" \/>\n<meta property=\"article:modified_time\" content=\"2026-02-05T17:42:46+00:00\" \/>\n<meta property=\"og:image\" content=\"https:\/\/www.institutvajrayogini.fr\/wp-content\/uploads\/2022\/03\/Meditante-foret-banner.jpg\" \/>\n\t<meta property=\"og:image:width\" content=\"1920\" \/>\n\t<meta property=\"og:image:height\" content=\"890\" \/>\n\t<meta property=\"og:image:type\" content=\"image\/jpeg\" \/>\n<meta name=\"twitter:card\" content=\"summary_large_image\" \/>\n<meta name=\"twitter:site\" content=\"@instvajrayogini\" \/>\n<meta name=\"twitter:label1\" content=\"Est. reading time\" \/>\n\t<meta name=\"twitter:data1\" content=\"2 minutes\" \/>\n<script type=\"application\/ld+json\" class=\"yoast-schema-graph\">{\"@context\":\"https:\\\/\\\/schema.org\",\"@graph\":[{\"@type\":\"WebPage\",\"@id\":\"https:\\\/\\\/www.institutvajrayogini.fr\\\/en\\\/practice\\\/retreats\\\/personal-retreat\\\/\",\"url\":\"https:\\\/\\\/www.institutvajrayogini.fr\\\/en\\\/practice\\\/retreats\\\/personal-retreat\\\/\",\"name\":\"Personal Retreat - Institut Vajra Yogini\",\"isPartOf\":{\"@id\":\"https:\\\/\\\/www.institutvajrayogini.fr\\\/en\\\/#website\"},\"primaryImageOfPage\":{\"@id\":\"https:\\\/\\\/www.institutvajrayogini.fr\\\/en\\\/practice\\\/retreats\\\/personal-retreat\\\/#primaryimage\"},\"image\":{\"@id\":\"https:\\\/\\\/www.institutvajrayogini.fr\\\/en\\\/practice\\\/retreats\\\/personal-retreat\\\/#primaryimage\"},\"thumbnailUrl\":\"https:\\\/\\\/www.institutvajrayogini.fr\\\/wp-content\\\/uploads\\\/2022\\\/03\\\/Meditante-foret-banner.jpg\",\"datePublished\":\"2022-01-06T11:22:50+00:00\",\"dateModified\":\"2026-02-05T17:42:46+00:00\",\"description\":\"Our center is open to personal retreats and stays. It offers an environment conducive to healing and meditation.\",\"breadcrumb\":{\"@id\":\"https:\\\/\\\/www.institutvajrayogini.fr\\\/en\\\/practice\\\/retreats\\\/personal-retreat\\\/#breadcrumb\"},\"inLanguage\":\"en-US\",\"potentialAction\":[{\"@type\":\"ReadAction\",\"target\":[\"https:\\\/\\\/www.institutvajrayogini.fr\\\/en\\\/practice\\\/retreats\\\/personal-retreat\\\/\"]}]},{\"@type\":\"ImageObject\",\"inLanguage\":\"en-US\",\"@id\":\"https:\\\/\\\/www.institutvajrayogini.fr\\\/en\\\/practice\\\/retreats\\\/personal-retreat\\\/#primaryimage\",\"url\":\"https:\\\/\\\/www.institutvajrayogini.fr\\\/wp-content\\\/uploads\\\/2022\\\/03\\\/Meditante-foret-banner.jpg\",\"contentUrl\":\"https:\\\/\\\/www.institutvajrayogini.fr\\\/wp-content\\\/uploads\\\/2022\\\/03\\\/Meditante-foret-banner.jpg\"},{\"@type\":\"BreadcrumbList\",\"@id\":\"https:\\\/\\\/www.institutvajrayogini.fr\\\/en\\\/practice\\\/retreats\\\/personal-retreat\\\/#breadcrumb\",\"itemListElement\":[{\"@type\":\"ListItem\",\"position\":1,\"name\":\"Accueil\",\"item\":\"https:\\\/\\\/www.institutvajrayogini.fr\\\/en\\\/\"},{\"@type\":\"ListItem\",\"position\":2,\"name\":\"Practice\",\"item\":\"https:\\\/\\\/www.institutvajrayogini.fr\\\/en\\\/pratiquer\\\/\"},{\"@type\":\"ListItem\",\"position\":3,\"name\":\"Retreats\",\"item\":\"https:\\\/\\\/www.institutvajrayogini.fr\\\/en\\\/pratiquer\\\/retraites\\\/\"},{\"@type\":\"ListItem\",\"position\":4,\"name\":\"Personal Retreat\"}]},{\"@type\":\"WebSite\",\"@id\":\"https:\\\/\\\/www.institutvajrayogini.fr\\\/en\\\/#website\",\"url\":\"https:\\\/\\\/www.institutvajrayogini.fr\\\/en\\\/\",\"name\":\"Institut Vajra Yogini\",\"description\":\"Centre d\u2019\u00e9tude et de m\u00e9ditation du bouddhisme tib\u00e9tain\",\"publisher\":{\"@id\":\"https:\\\/\\\/www.institutvajrayogini.fr\\\/en\\\/#organization\"},\"potentialAction\":[{\"@type\":\"SearchAction\",\"target\":{\"@type\":\"EntryPoint\",\"urlTemplate\":\"https:\\\/\\\/www.institutvajrayogini.fr\\\/en\\\/?s={search_term_string}\"},\"query-input\":{\"@type\":\"PropertyValueSpecification\",\"valueRequired\":true,\"valueName\":\"search_term_string\"}}],\"inLanguage\":\"en-US\"},{\"@type\":\"Organization\",\"@id\":\"https:\\\/\\\/www.institutvajrayogini.fr\\\/en\\\/#organization\",\"name\":\"Institut Vajra Yogini\",\"url\":\"https:\\\/\\\/www.institutvajrayogini.fr\\\/en\\\/\",\"logo\":{\"@type\":\"ImageObject\",\"inLanguage\":\"en-US\",\"@id\":\"https:\\\/\\\/www.institutvajrayogini.fr\\\/en\\\/#\\\/schema\\\/logo\\\/image\\\/\",\"url\":\"https:\\\/\\\/www.institutvajrayogini.fr\\\/wp-content\\\/uploads\\\/2021\\\/10\\\/IVY-Logo-720px-carre.jpg\",\"contentUrl\":\"https:\\\/\\\/www.institutvajrayogini.fr\\\/wp-content\\\/uploads\\\/2021\\\/10\\\/IVY-Logo-720px-carre.jpg\",\"width\":720,\"height\":720,\"caption\":\"Institut Vajra Yogini\"},\"image\":{\"@id\":\"https:\\\/\\\/www.institutvajrayogini.fr\\\/en\\\/#\\\/schema\\\/logo\\\/image\\\/\"},\"sameAs\":[\"https:\\\/\\\/www.facebook.com\\\/InstitutVajraYogini\",\"https:\\\/\\\/x.com\\\/instvajrayogini\",\"https:\\\/\\\/www.instagram.com\\\/institutvajrayogini\\\/\",\"https:\\\/\\\/www.youtube.com\\\/channel\\\/UCe5Yh9AkHl6h-EYXSbM02Zw\"]}]}<\/script>\n<!-- \/ Yoast SEO plugin. -->","yoast_head_json":{"title":"Personal Retreat - Institut Vajra Yogini","description":"Our center is open to personal retreats and stays. It offers an environment conducive to healing and meditation.","robots":{"index":"index","follow":"follow","max-snippet":"max-snippet:-1","max-image-preview":"max-image-preview:large","max-video-preview":"max-video-preview:-1"},"canonical":"https:\/\/www.institutvajrayogini.fr\/en\/practice\/retreats\/personal-retreat\/","og_locale":"en_US","og_type":"article","og_title":"Personal Retreat - Institut Vajra Yogini","og_description":"Our center is open to personal retreats and stays. It offers an environment conducive to healing and meditation.","og_url":"https:\/\/www.institutvajrayogini.fr\/en\/practice\/retreats\/personal-retreat\/","og_site_name":"Institut Vajra Yogini","article_publisher":"https:\/\/www.facebook.com\/InstitutVajraYogini","article_modified_time":"2026-02-05T17:42:46+00:00","og_image":[{"width":1920,"height":890,"url":"https:\/\/www.institutvajrayogini.fr\/wp-content\/uploads\/2022\/03\/Meditante-foret-banner.jpg","type":"image\/jpeg"}],"twitter_card":"summary_large_image","twitter_site":"@instvajrayogini","twitter_misc":{"Est. reading time":"2 minutes"},"schema":{"@context":"https:\/\/schema.org","@graph":[{"@type":"WebPage","@id":"https:\/\/www.institutvajrayogini.fr\/en\/practice\/retreats\/personal-retreat\/","url":"https:\/\/www.institutvajrayogini.fr\/en\/practice\/retreats\/personal-retreat\/","name":"Personal Retreat - Institut Vajra Yogini","isPartOf":{"@id":"https:\/\/www.institutvajrayogini.fr\/en\/#website"},"primaryImageOfPage":{"@id":"https:\/\/www.institutvajrayogini.fr\/en\/practice\/retreats\/personal-retreat\/#primaryimage"},"image":{"@id":"https:\/\/www.institutvajrayogini.fr\/en\/practice\/retreats\/personal-retreat\/#primaryimage"},"thumbnailUrl":"https:\/\/www.institutvajrayogini.fr\/wp-content\/uploads\/2022\/03\/Meditante-foret-banner.jpg","datePublished":"2022-01-06T11:22:50+00:00","dateModified":"2026-02-05T17:42:46+00:00","description":"Our center is open to personal retreats and stays. It offers an environment conducive to healing and meditation.","breadcrumb":{"@id":"https:\/\/www.institutvajrayogini.fr\/en\/practice\/retreats\/personal-retreat\/#breadcrumb"},"inLanguage":"en-US","potentialAction":[{"@type":"ReadAction","target":["https:\/\/www.institutvajrayogini.fr\/en\/practice\/retreats\/personal-retreat\/"]}]},{"@type":"ImageObject","inLanguage":"en-US","@id":"https:\/\/www.institutvajrayogini.fr\/en\/practice\/retreats\/personal-retreat\/#primaryimage","url":"https:\/\/www.institutvajrayogini.fr\/wp-content\/uploads\/2022\/03\/Meditante-foret-banner.jpg","contentUrl":"https:\/\/www.institutvajrayogini.fr\/wp-content\/uploads\/2022\/03\/Meditante-foret-banner.jpg"},{"@type":"BreadcrumbList","@id":"https:\/\/www.institutvajrayogini.fr\/en\/practice\/retreats\/personal-retreat\/#breadcrumb","itemListElement":[{"@type":"ListItem","position":1,"name":"Accueil","item":"https:\/\/www.institutvajrayogini.fr\/en\/"},{"@type":"ListItem","position":2,"name":"Practice","item":"https:\/\/www.institutvajrayogini.fr\/en\/pratiquer\/"},{"@type":"ListItem","position":3,"name":"Retreats","item":"https:\/\/www.institutvajrayogini.fr\/en\/pratiquer\/retraites\/"},{"@type":"ListItem","position":4,"name":"Personal Retreat"}]},{"@type":"WebSite","@id":"https:\/\/www.institutvajrayogini.fr\/en\/#website","url":"https:\/\/www.institutvajrayogini.fr\/en\/","name":"Institut Vajra Yogini","description":"Centre d\u2019\u00e9tude et de m\u00e9ditation du bouddhisme tib\u00e9tain","publisher":{"@id":"https:\/\/www.institutvajrayogini.fr\/en\/#organization"},"potentialAction":[{"@type":"SearchAction","target":{"@type":"EntryPoint","urlTemplate":"https:\/\/www.institutvajrayogini.fr\/en\/?s={search_term_string}"},"query-input":{"@type":"PropertyValueSpecification","valueRequired":true,"valueName":"search_term_string"}}],"inLanguage":"en-US"},{"@type":"Organization","@id":"https:\/\/www.institutvajrayogini.fr\/en\/#organization","name":"Institut Vajra Yogini","url":"https:\/\/www.institutvajrayogini.fr\/en\/","logo":{"@type":"ImageObject","inLanguage":"en-US","@id":"https:\/\/www.institutvajrayogini.fr\/en\/#\/schema\/logo\/image\/","url":"https:\/\/www.institutvajrayogini.fr\/wp-content\/uploads\/2021\/10\/IVY-Logo-720px-carre.jpg","contentUrl":"https:\/\/www.institutvajrayogini.fr\/wp-content\/uploads\/2021\/10\/IVY-Logo-720px-carre.jpg","width":720,"height":720,"caption":"Institut Vajra Yogini"},"image":{"@id":"https:\/\/www.institutvajrayogini.fr\/en\/#\/schema\/logo\/image\/"},"sameAs":["https:\/\/www.facebook.com\/InstitutVajraYogini","https:\/\/x.com\/instvajrayogini","https:\/\/www.instagram.com\/institutvajrayogini\/","https:\/\/www.youtube.com\/channel\/UCe5Yh9AkHl6h-EYXSbM02Zw"]}]}},"campaignId":"","_links":{"self":[{"href":"https:\/\/www.institutvajrayogini.fr\/en\/wp-json\/wp\/v2\/pages\/8120","targetHints":{"allow":["GET"]}}],"collection":[{"href":"https:\/\/www.institutvajrayogini.fr\/en\/wp-json\/wp\/v2\/pages"}],"about":[{"href":"https:\/\/www.institutvajrayogini.fr\/en\/wp-json\/wp\/v2\/types\/page"}],"author":[{"embeddable":true,"href":"https:\/\/www.institutvajrayogini.fr\/en\/wp-json\/wp\/v2\/users\/1"}],"replies":[{"embeddable":true,"href":"https:\/\/www.institutvajrayogini.fr\/en\/wp-json\/wp\/v2\/comments?post=8120"}],"version-history":[{"count":30,"href":"https:\/\/www.institutvajrayogini.fr\/en\/wp-json\/wp\/v2\/pages\/8120\/revisions"}],"predecessor-version":[{"id":16589,"href":"https:\/\/www.institutvajrayogini.fr\/en\/wp-json\/wp\/v2\/pages\/8120\/revisions\/16589"}],"up":[{"embeddable":true,"href":"https:\/\/www.institutvajrayogini.fr\/en\/wp-json\/wp\/v2\/pages\/7713"}],"wp:attachment":[{"href":"https:\/\/www.institutvajrayogini.fr\/en\/wp-json\/wp\/v2\/media?parent=8120"}],"curies":[{"name":"wp","href":"https:\/\/api.w.org\/{rel}","templated":true}]}}